{"id":5234,"date":"2019-02-04T12:58:50","date_gmt":"2019-02-04T10:58:50","guid":{"rendered":"https:\/\/www.lectus.eu\/?page_id=5234"},"modified":"2019-02-04T14:36:00","modified_gmt":"2019-02-04T12:36:00","slug":"geschaeftsbedingungen","status":"publish","type":"page","link":"https:\/\/www.lectus.eu\/de\/geschaeftsbedingungen\/","title":{"rendered":"Gesch\u00e4ftsbedingungen"},"content":{"rendered":"<div id='av_section_1'  class='avia-section main_color avia-section-large avia-no-border-styling  avia-bg-style-scroll  avia-builder-el-0  el_before_av_section  avia-builder-el-first   av-minimum-height av-minimum-height-custom  container_wrap fullsize' style='background-repeat: no-repeat; background-image: url(https:\/\/www.lectus.eu\/wp-content\/uploads\/2018\/09\/lectus_header_modeli_in_tehnologija_2.jpg);background-attachment: scroll; background-position: center left;  '  data-section-bg-repeat='no-repeat'><div class='container' style='height:300px'><main  role=\"main\" itemprop=\"mainContentOfPage\"  class='template-page content  av-content-full alpha units'><div class='post-entry post-entry-type-page post-entry-5234'><div class='entry-content-wrapper clearfix'>\n<div class=\"flex_column av_one_half  flex_column_div av-zero-column-padding first  avia-builder-el-1  avia-builder-el-no-sibling  \" style='border-radius:0px; '><p><div  style='padding-bottom:10px; font-size:38px;' class='av-special-heading av-special-heading-h1  blockquote modern-quote  avia-builder-el-2  el_before_av_textblock  avia-builder-el-first  av-inherit-size '><h1 class='av-special-heading-tag '  itemprop=\"headline\"  >Gesch\u00e4ftsbedingungen<\/h1><div class='special-heading-border'><div class='special-heading-inner-border' ><\/div><\/div><\/div><br \/>\n<section class=\"av_textblock_section \"  itemscope=\"itemscope\" itemtype=\"https:\/\/schema.org\/CreativeWork\" ><div class='avia_textblock  '   itemprop=\"text\" ><p>Sie verwenden die Website <a href=\"http:\/\/www.lectus.eu\">www.lectus.eu<\/a> (im Folgenden: Website, auf der die \u00d6ffentlichkeit \u00fcber die von Maremico angebotenen Produkte und Waren informiert werden kann. Die Daten der Website k\u00f6nnen unter den unten angegebenen Bedingungen verwendet werden.<\/p>\n<\/div><\/section><\/p><\/div>\n\n<\/div><\/div><\/main><!-- close content main element --><\/div><\/div><div id='av_section_2'  class='avia-section main_color avia-section-default avia-no-shadow  avia-bg-style-scroll  avia-builder-el-4  el_after_av_section  avia-builder-el-last   container_wrap fullsize' style=' '  ><div class='container' ><div class='template-page content  av-content-full alpha units'><div class='post-entry post-entry-type-page post-entry-5234'><div class='entry-content-wrapper clearfix'>\n<div class=\"flex_column av_one_fourth  flex_column_div av-zero-column-padding first  avia-builder-el-5  el_before_av_two_third  avia-builder-el-first  \" style='border-radius:0px; '><section class=\"av_textblock_section \"  itemscope=\"itemscope\" itemtype=\"https:\/\/schema.org\/CreativeWork\" ><div class='avia_textblock  '   itemprop=\"text\" ><h3>Seitenverwalter<\/h3>\n<p>Maremico d.o.o.<br \/>\nSlandrova ulica 4<br \/>\n1231 Ljubljana, Slovenia<\/p>\n<p>T +386 15 61 09 00<br \/>\n<a href=\"mailto:&#115;&#97;&#108;&#101;&#x73;&#x40;&#x6d;&#x61;&#x72;&#x65;&#x6d;&#x69;&#x63;o.si\">s&#97;&#x6c;es&#x40;&#x6d;a&#114;&#x65;&#x6d;i&#99;&#x6f;.s&#x69;<\/a><\/p>\n<p>Registrationsnummer 5878993<br \/>\nVAT ID SI38272288<br \/>\nEintrag in das Gerichtsregister SGR 94\/16025<br \/>\nReg. cartridge 1\/25947\/00<\/p>\n<\/div><\/section><\/div><div class=\"flex_column av_two_third  flex_column_div av-zero-column-padding   avia-builder-el-7  el_after_av_one_fourth  avia-builder-el-last  \" style='border-radius:0px; '><p><section class=\"av_textblock_section \"  itemscope=\"itemscope\" itemtype=\"https:\/\/schema.org\/CreativeWork\" ><div class='avia_textblock  '   itemprop=\"text\" ><p>Die Website geh\u00f6rt der Firma Maremico d.o.o., Slandrova 4, 1231 Ljubljana, Slowenien, die sich alle Rechte bez\u00fcglich der Nutzung dieser Website beh\u00e4lt. Als Benutzer unserer Website erkennen Sie unsere Allgemeinen Gesch\u00e4ftsbedingungen an, an die Sie sich halten sollten.<\/p>\n<\/div><\/section><br \/>\n<div   class=\"togglecontainer   toggle_close_all  avia-builder-el-9  el_after_av_textblock  el_before_av_hr \" >\n<section class=\"av_toggle_section\"  itemscope=\"itemscope\" itemtype=\"https:\/\/schema.org\/CreativeWork\"  >    <div role=\"tablist\" class=\"single_toggle\" data-tags=\"{Alle} \"  >        <p data-fake-id=\"#toggle-id-1\" class=\"toggler \"  itemprop=\"headline\"    role=\"tab\" tabindex=\"0\" aria-controls=\"toggle-id-1\">Begrenzung der Verantwortung<span class=\"toggle_icon\" >        <span class=\"vert_icon\"><\/span><span class=\"hor_icon\"><\/span><\/span><\/p>        <div id=\"toggle-id-1\" class=\"toggle_wrap \"   >            <div class=\"toggle_content invers-color \"  itemprop=\"text\"   ><p>Alle Informationen und Materialien auf der Website und ihren Seiten werden ausschlie\u00dflich zu Informationszwecken verwendet. Maremico d.o.o beh\u00e4lt sich das Recht vor, den Inhalt dieser Website jederzeit ohne vorherige Ank\u00fcndigung zu \u00e4ndern.<\/p>\n<p>Wir k\u00f6nnen nicht garantieren, dass die hierin enthaltenen Informationen akkurat, vollst\u00e4ndig oder richtig sind. Maremico d.o.o. lehnt jegliche direkte oder indirekte Haftung im Zusammenhang mit den Inhalten dieser Website ab.<\/p>\n<p>Dar\u00fcber hinaus haften wir nicht f\u00fcr eventuelle Verluste oder Sch\u00e4den in Ihrer technischen Umgebung, einschlie\u00dflich Hardware, Software oder Netzwerkausr\u00fcstung (Modems, Telefone usw.) und aller Tools, die f\u00fcr den Zugriff auf diese Website verwendet werden. Vor dem Zugriff auf die Website sollten die Benutzer selbst einen wesentlichen Schutz (Antivirenprogramme&#8230;) in Anspruch nehmen.<\/p>\n<p>Der Autor der Website hat das Recht, einen Vertrag mit dem Kunden zu stornieren, wenn ein wesentlicher Teil des Vertrages einen wesentlichen Fehler enth\u00e4lt, wie etwa den Gegenstand, die Identit\u00e4t der anderen Parteien, den Preis oder die Qualit\u00e4t des Artikels oder die Art des Vertrags (Artikel 46 Obligationenrecht).<\/p>\n<p>Die Nutzer dieser Website sind auf eigenes Risiko von den ver\u00f6ffentlichten Inhalten abh\u00e4ngig. Der Autor der Website haftet unter keinen Umst\u00e4nden f\u00fcr direkte oder indirekte Sch\u00e4den, die durch die Verwendung von Informationen oder Konsequenzen aus dieser Verwendung entstehen, insbesondere im Zusammenhang mit Entscheidungen oder Handlungen, die auf der Grundlage dieser Informationen vorgenommen werden oder Erreichbarkeit und Verf\u00fcgbarkeit der auf dieser Website enthaltenen Informationen.<\/p>\n<p>Die Website enth\u00e4lt Kommentare der Benutzer, von denen einige nur als Beispiel dienen.<\/p>\n<p>Die Website kann Links zu anderen Websites enthalten, f\u00fcr die das Unternehmen keinerlei Verantwortung \u00fcbernimmt und keine Garantie f\u00fcr deren Inhalt, Form und vorgenommene \u00c4nderungen gibt. Der Autor der Website beh\u00e4lt sich das Recht vor, den Zugriff auf die Website zu Wartungszwecken oder aus technischen und anderen Gr\u00fcnden zu sperren oder zu verweigern.<\/p>\n            <\/div>        <\/div>    <\/div><\/section>\n<section class=\"av_toggle_section\"  itemscope=\"itemscope\" itemtype=\"https:\/\/schema.org\/CreativeWork\"  >    <div role=\"tablist\" class=\"single_toggle\" data-tags=\"{Alle} \"  >        <p data-fake-id=\"#toggle-id-2\" class=\"toggler \"  itemprop=\"headline\"    role=\"tab\" tabindex=\"0\" aria-controls=\"toggle-id-2\">Datenschutzrichtlinie<span class=\"toggle_icon\" >        <span class=\"vert_icon\"><\/span><span class=\"hor_icon\"><\/span><\/span><\/p>        <div id=\"toggle-id-2\" class=\"toggle_wrap \"   >            <div class=\"toggle_content invers-color \"  itemprop=\"text\"   ><p>Wir legen besonderen Wert auf den Schutz personenbezogener Daten und die Privatsph\u00e4re unserer Kunden. Der Website-Administrator ist verpflichtet, die personenbezogenen Daten seiner Nutzer unter strikter Einhaltung der nationalen nationalen Gesetze und der Allgemeinen Datenschutzverordnung der EU (DSGVO) zu sch\u00fctzen. Die Datenschutzrichtlinie definiert, wie der Controller personenbezogene Daten von Benutzern sammelt, speichert und verarbeitet, die diese freiwillig und mit Zustimmung erteilt haben.<\/p>\n<p><a href=\"http:\/\/www.lectus.eu\/de\/datenschutztichtlinie\">Datenschutzrichtlinie<\/a><\/p>\n            <\/div>        <\/div>    <\/div><\/section>\n<section class=\"av_toggle_section\"  itemscope=\"itemscope\" itemtype=\"https:\/\/schema.org\/CreativeWork\"  >    <div role=\"tablist\" class=\"single_toggle\" data-tags=\"{Alle} \"  >        <p data-fake-id=\"#toggle-id-3\" class=\"toggler \"  itemprop=\"headline\"    role=\"tab\" tabindex=\"0\" aria-controls=\"toggle-id-3\">Der Umfang der Datennutzung und die Rechte des geistigen Eigentums<span class=\"toggle_icon\" >        <span class=\"vert_icon\"><\/span><span class=\"hor_icon\"><\/span><\/span><\/p>        <div id=\"toggle-id-3\" class=\"toggle_wrap \"   >            <div class=\"toggle_content invers-color \"  itemprop=\"text\"   ><p>Alle Fotos, Texte, Artikel und Kommentare sind Eigentum der Autoren der Website. Die Daten und Informationen von der Website k\u00f6nnen f\u00fcr den pers\u00f6nlichen oder privaten Gebrauch verwendet werden, wobei keine \u00c4nderung der Urheberschaft und anderer \u00e4hnlicher Labels erlaubt ist. Der Ausdruck von Daten und Informationen ist nur f\u00fcr den pers\u00f6nlichen oder nicht kommerziellen Gebrauch gestattet. Das Kopieren, \u00dcbermitteln, Ver\u00f6ffentlichen, \u00c4ndern oder Verbreiten von Daten und Informationen per Post oder in irgendeiner anderen Form ist untersagt. Ausnahmen bilden Journalisten und Redakteure, die alle Artikel und Fotos in slowenischen Medien ver\u00f6ffentlichen k\u00f6nnen.<\/p>\n<p>Es ist insbesondere untersagt, Fotos, Texte, Textteile und anderes Material auf der Website zu kommerziellen Zwecken zu verwenden. Bei Verst\u00f6\u00dfen gegen das Urheberrecht zu gewerblichen Zwecken wird ein Gerichtsverfahren am zust\u00e4ndigen Gericht in Ljubljana eingeleitet. Alle Markenzeichen sind als Markenzeichen ihrer Eigent\u00fcmer eingetragen und werden auf der Website ausschlie\u00dflich zu Informationszwecken verwendet.<\/p>\n            <\/div>        <\/div>    <\/div><\/section>\n<section class=\"av_toggle_section\"  itemscope=\"itemscope\" itemtype=\"https:\/\/schema.org\/CreativeWork\"  >    <div role=\"tablist\" class=\"single_toggle\" data-tags=\"{Alle} \"  >        <p data-fake-id=\"#toggle-id-4\" class=\"toggler \"  itemprop=\"headline\"    role=\"tab\" tabindex=\"0\" aria-controls=\"toggle-id-4\">Cookies<span class=\"toggle_icon\" >        <span class=\"vert_icon\"><\/span><span class=\"hor_icon\"><\/span><\/span><\/p>        <div id=\"toggle-id-4\" class=\"toggle_wrap \"   >            <div class=\"toggle_content invers-color \"  itemprop=\"text\"   ><p>Ein Cookie ist eine kleine Datei, in der Sie um Erlaubnis gebeten werden, auf der Festplatte Ihres Computers gespeichert zu werden. Cookies erm\u00f6glichen es Webanwendungen, auf Sie als Einzelperson anzupassen. Die Webanwendung kann ihre Vorg\u00e4nge an Ihre Bed\u00fcrfnisse, Vorlieben und Abneigungen anpassen, indem Sie Informationen zu Ihren Vorlieben sammeln und sich daran erinnern. Wir verwenden Cookies, um Ihnen ein ungehindertes und benutzerfreundliches Erlebnis zu erm\u00f6glichen. Durch die weitere Nutzung dieser Website stimmen Sie unserer Cookie-Richtlinie zu.<\/p>\n<p>Mit Hilfe von Cookies erh\u00e4lt die Website frische und relevante Inhalte in \u00dcbereinstimmung mit den Interessen der jeweiligen Benutzer der Website. Bitte beachten Sie, dass Sie durch die weitere Nutzung dieser Website der Verwendung der aufgef\u00fchrten Cookies auf Ihrem Computer oder Mobilger\u00e4t zustimmen.<\/p>\n<h4>Session-Cookies<\/h4>\n<p>Session-Cookies sind f\u00fcr das Funktionieren von Seiten auf unserer Website erforderlich. Diese Cookies zeichnen Informationen \u00fcber die vom Benutzer getroffenen Entscheidungen auf und erm\u00f6glichen auch das Anpassen der Website an die Bed\u00fcrfnisse des Benutzers (z.B. die Platzierung von Bestellungen). Informationen zum Benutzer werden ausgeblendet, wenn der Browser des Benutzers geschlossen wird.<\/p>\n<h4>Web Traffic Analytics-Cookies<\/h4>\n<p>Google Analytics speichert keine pers\u00f6nlichen Informationen \u00fcber die Nutzer der Website. Es erfasst automatisch nur allgemeine, unpers\u00f6nliche Daten (Besucherzahl, Browser- und Keyword-Identifikation, die auf die Website verweisen, Benutzer von Suchmaschinen, Anzahl der Besuche, durchschnittliche Sitzungsdauer auf einer Webseite, besuchte Webseiten). Die durch Cookies erhaltenen Informationen helfen uns zu verstehen, wie Besucher eine Website verwenden, und basierend auf diesen Informationen entscheiden wir \u00fcber Funktionalit\u00e4ten und Anpassungen der Inhalte. Die erhobenen Daten werden niemals verkauft, gehandelt, verliehen oder aus anderen Gr\u00fcnden an Dritte weitergegeben.<\/p>\n<h4>Online-Verhaltenswerbung<\/h4>\n<p>Diese Cookies zeigen unsere Online-Werbung auf anderen ausgew\u00e4hlten Websites dynamisch an. Die Website verwendet diese Cookies, um gezielte Werbung auf anderen Webseiten anzuzeigen. Diese Cookies werden verwendet, um Online-Werbung zu pr\u00e4sentieren, die f\u00fcr den Benutzer eines bestimmten Computers relevanter ist. Sie sammeln die Daten \u00fcber Ihre Besuche der Website und geben diese Informationen an andere Organisationen weiter, z.B. Werbeagenturen.<\/p>\n<h4>Social Media-Cookies<\/h4>\n<p>Unsere Domains k\u00f6nnen auch Elemente enthalten, die Cookies im Namen eines Dritten setzen, z.B. einen Like-Button von Facebook oder einen Tweet-Button von Twitter. Manchmal f\u00fcgen wir Videos von Websites wie YouTube hinzu. Wenn Sie sich ein bestimmtes Video auf der YouTube-Website ansehen, das in den Inhalt eingebettet ist, senden diese Dienste m\u00f6glicherweise eigene Cookies an Ihren Browser. Bitte beachten Sie, dass wir nicht f\u00fcr diese Cookies verantwortlich gemacht werden k\u00f6nnen, da wir keine Kontrolle \u00fcber die Websites haben, auf die wir einen Link setzen. Daher finden Sie auf ihren Webseiten weitere Informationen.<\/p>\n<h4>Setzen und Anpassen von Cookies<\/h4>\n<p>Das Festlegen und Anpassen von Cookies kann nach Ihren W\u00fcnschen angepasst werden. Unsere Website funktioniert auch ohne Cookies. Sie verlieren jedoch einige Funktionen und Funktionalit\u00e4ten, wenn Sie Cookies deaktivieren. Die Cookie-Einstellungen k\u00f6nnen durch Anpassen der Browsereinstellungen gesteuert und ge\u00e4ndert werden.<\/p>\n<p>Verschiedene Browser bieten verschiedene M\u00f6glichkeiten zum Konfigurieren von Browser-Cookie-Einstellungen. Daher wird empfohlen, die Einstellungen von Cookies in Ihrem Browser entsprechend zu \u00e4ndern:<\/p>\n<ul>\n<li><a href=\"https:\/\/support.google.com\/chrome\/answer\/95647?co=GENIE.Platform%3DDesktop&amp;hl=en\">Google Chrome<\/a>,<\/li>\n<li><a href=\"https:\/\/support.microsoft.com\/en-us\/help\/17442\/windows-internet-explorer-delete-manage-cookies\">Internet Explorer<\/a>,<\/li>\n<li><a href=\"https:\/\/support.mozilla.org\/en-US\/kb\/enable-and-disable-cookies-website-preferences\">Firefox<\/a>,<\/li>\n<li><a href=\"https:\/\/support.apple.com\/kb\/ph21411?locale=en_US\">Safari<\/a>,<\/li>\n<li><a href=\"https:\/\/www.opera.com\/help\/tutorials\/security\/privacy\/\">Opera<\/a>.<\/li>\n<\/ul>\n            <\/div>        <\/div>    <\/div><\/section>\n<section class=\"av_toggle_section\"  itemscope=\"itemscope\" itemtype=\"https:\/\/schema.org\/CreativeWork\"  >    <div role=\"tablist\" class=\"single_toggle\" data-tags=\"{Alle} \"  >        <p data-fake-id=\"#toggle-id-5\" class=\"toggler \"  itemprop=\"headline\"    role=\"tab\" tabindex=\"0\" aria-controls=\"toggle-id-5\">Links oder www.lectus.eu zu anderen Websites<span class=\"toggle_icon\" >        <span class=\"vert_icon\"><\/span><span class=\"hor_icon\"><\/span><\/span><\/p>        <div id=\"toggle-id-5\" class=\"toggle_wrap \"   >            <div class=\"toggle_content invers-color \"  itemprop=\"text\"   ><p>Maremico d.o.o. haftet nicht f\u00fcr die auf anderen Websites verwendeten Cookies oder deren Inhalte, die mit www.lectus.eu verlinkt sind.<\/p>\n            <\/div>        <\/div>    <\/div><\/section>\n<section class=\"av_toggle_section\"  itemscope=\"itemscope\" itemtype=\"https:\/\/schema.org\/CreativeWork\"  >    <div role=\"tablist\" class=\"single_toggle\" data-tags=\"{Alle} \"  >        <p data-fake-id=\"#toggle-id-6\" class=\"toggler \"  itemprop=\"headline\"    role=\"tab\" tabindex=\"0\" aria-controls=\"toggle-id-6\">Au\u00dfergerichtliche Beilegung von Verbraucherstreitigkeiten<span class=\"toggle_icon\" >        <span class=\"vert_icon\"><\/span><span class=\"hor_icon\"><\/span><\/span><\/p>        <div id=\"toggle-id-6\" class=\"toggle_wrap \"   >            <div class=\"toggle_content invers-color \"  itemprop=\"text\"   ><p>Maremico entspricht den nationalen und EU-Gesetzen, einschlie\u00dflich des Verbraucherschutzgesetzes. Wir geben unser Bestes, um die Verpflichtungen zur Sicherstellung eines effektiven Streitbearbeitungssystems zu erf\u00fcllen. Der Kunde\/Benutzer kontaktiert Maremico im Streitfall per Telefonanruf oder sendet eine E-Mail.<\/p>\n<p>Sie haben das Recht, Streitigkeiten jederzeit bei der Beh\u00f6rde Ihres Landes zu melden. Wir w\u00fcrden uns jedoch \u00fcber die M\u00f6glichkeit freuen, Ihre Anliegen zu kl\u00e4ren, bevor Sie sich an sie wenden. Kontaktieren Sie uns daher zuerst. Laut Gesetzgebung erkennt Maremico d.o.o. keine Leistungstr\u00e4ger f\u00fcr au\u00dfergerichtliche Beschl\u00fcsse an.<\/p>\n<p>Als Anbieter von Waren und Dienstleistungen kann Maremico d.o.o., was auch im Webshop erworben werden kann, hiermit Links zur EU-Plattform f\u00fcr Verbraucherrechtsstreitigkeiten ver\u00f6ffentlichen. F\u00fcr weitere Informationen\u00a0https:\/\/webgate.ec.europa.eu\/odr\/main\/index.cfm?event=main.home.show&amp;lng=SL.<\/p>\n<p>Die angegebene Verordnung stammt aus der Richtlinie \u00fcber alternative Streitbeilegung f\u00fcr Verbraucher (EG) Nr. 2006\/20014 und der Richtlinie 2009\/22 \/ EG.<\/p>\n            <\/div>        <\/div>    <\/div><\/section>\n<\/div><br \/>\n<div  style='height:20px' class='hr hr-invisible   avia-builder-el-10  el_after_av_toggle_container  el_before_av_textblock '><span class='hr-inner ' ><span class='hr-inner-style'><\/span><\/span><\/div><br \/>\n<section class=\"av_textblock_section \"  itemscope=\"itemscope\" itemtype=\"https:\/\/schema.org\/CreativeWork\" ><div class='avia_textblock  '   itemprop=\"text\" ><p>Vielen Dank, dass Sie sich die Zeit genommen haben, die Informationen auf der Webseite zu lesen. Wir hoffen, dass Sie unsere Website nutzen und davon profitieren werden.<\/p>\n<\/div><\/section><\/p><\/div>\n","protected":false},"excerpt":{"rendered":"","protected":false},"author":5,"featured_media":0,"parent":0,"menu_order":0,"comment_status":"closed","ping_status":"closed","template":"","meta":[],"acf":[],"_links":{"self":[{"href":"https:\/\/www.lectus.eu\/de\/wp-json\/wp\/v2\/pages\/5234"}],"collection":[{"href":"https:\/\/www.lectus.eu\/de\/wp-json\/wp\/v2\/pages"}],"about":[{"href":"https:\/\/www.lectus.eu\/de\/wp-json\/wp\/v2\/types\/page"}],"author":[{"embeddable":true,"href":"https:\/\/www.lectus.eu\/de\/wp-json\/wp\/v2\/users\/5"}],"replies":[{"embeddable":true,"href":"https:\/\/www.lectus.eu\/de\/wp-json\/wp\/v2\/comments?post=5234"}],"version-history":[{"count":3,"href":"https:\/\/www.lectus.eu\/de\/wp-json\/wp\/v2\/pages\/5234\/revisions"}],"predecessor-version":[{"id":5385,"href":"https:\/\/www.lectus.eu\/de\/wp-json\/wp\/v2\/pages\/5234\/revisions\/5385"}],"wp:attachment":[{"href":"https:\/\/www.lectus.eu\/de\/wp-json\/wp\/v2\/media?parent=5234"}],"curies":[{"name":"wp","href":"https:\/\/api.w.org\/{rel}","templated":true}]}}