{"id":5236,"date":"2019-02-04T12:57:11","date_gmt":"2019-02-04T10:57:11","guid":{"rendered":"https:\/\/www.lectus.eu\/?page_id=5236"},"modified":"2019-02-04T14:35:52","modified_gmt":"2019-02-04T12:35:52","slug":"datenschutztichtlinie","status":"publish","type":"page","link":"https:\/\/www.lectus.eu\/de\/datenschutztichtlinie\/","title":{"rendered":"Datenschutztichtlinie"},"content":{"rendered":"<div id='av_section_1'  class='avia-section main_color avia-section-large avia-no-border-styling  avia-bg-style-scroll  avia-builder-el-0  el_before_av_section  avia-builder-el-first   av-minimum-height av-minimum-height-custom  container_wrap fullsize' style='background-repeat: no-repeat; background-image: url(https:\/\/www.lectus.eu\/wp-content\/uploads\/2018\/10\/lectus_privacy-policy.jpg);background-attachment: scroll; background-position: center left;  '  data-section-bg-repeat='no-repeat'><div class='container' style='height:300px'><main  role=\"main\" itemprop=\"mainContentOfPage\"  class='template-page content  av-content-full alpha units'><div class='post-entry post-entry-type-page post-entry-5236'><div class='entry-content-wrapper clearfix'>\n<div class=\"flex_column av_one_half  flex_column_div av-zero-column-padding first  avia-builder-el-1  avia-builder-el-no-sibling  \" style='border-radius:0px; '><p><div  style='padding-bottom:10px; font-size:38px;' class='av-special-heading av-special-heading-h1  blockquote modern-quote  avia-builder-el-2  el_before_av_textblock  avia-builder-el-first  av-inherit-size '><h1 class='av-special-heading-tag '  itemprop=\"headline\"  >Datenschutztichtlinie<\/h1><div class='special-heading-border'><div class='special-heading-inner-border' ><\/div><\/div><\/div><br \/>\n<section class=\"av_textblock_section \"  itemscope=\"itemscope\" itemtype=\"https:\/\/schema.org\/CreativeWork\" ><div class='avia_textblock  '   itemprop=\"text\" ><p>Wir legen besonderen Wert auf den Schutz personenbezogener Daten und die Privatsph\u00e4re unserer Kunden. Der Website-Administrator ist verpflichtet, die personenbezogenen Daten seiner Nutzer unter strikter Einhaltung der nationalen nationalen Gesetze und der Allgemeinen Datenschutzverordnung der EU (DSGVO) zu sch\u00fctzen. Die Datenschutzrichtlinie definiert, wie der Controller personenbezogene Daten von Benutzern sammelt, speichert und verarbeitet, die diese freiwillig und mit Zustimmung erteilt haben.<\/p>\n<\/div><\/section><\/p><\/div>\n\n<\/div><\/div><\/main><!-- close content main element --><\/div><\/div><div id='av_section_2'  class='avia-section main_color avia-section-default avia-no-shadow  avia-bg-style-scroll  avia-builder-el-4  el_after_av_section  avia-builder-el-last   container_wrap fullsize' style=' '  ><div class='container' ><div class='template-page content  av-content-full alpha units'><div class='post-entry post-entry-type-page post-entry-5236'><div class='entry-content-wrapper clearfix'>\n<div class=\"flex_column av_one_fourth  flex_column_div av-zero-column-padding first  avia-builder-el-5  el_before_av_two_third  avia-builder-el-first  \" style='border-radius:0px; '><section class=\"av_textblock_section \"  itemscope=\"itemscope\" itemtype=\"https:\/\/schema.org\/CreativeWork\" ><div class='avia_textblock  '   itemprop=\"text\" ><h3><strong>Who we are?<\/strong><\/h3>\n<p>Maremico d.o.o.<br \/>\nSlandrova ulica 4<br \/>\n1000 Ljubljana<br \/>\nSlovenia, EU<\/p>\n<p>Datenschutzmanager:\u00a0Emil Marinsek. Erh\u00e4ltlich per E-Mail\u00a0<a href=\"&#x6d;&#x61;&#x69;&#x6c;&#116;&#111;:sale&#x73;&#x40;&#x6d;&#x61;&#x72;&#101;mico.&#x73;&#x69;\">&#x73;&#x61;&#108;&#101;s&#64;&#x6d;&#x61;&#x72;&#101;mic&#x6f;&#x2e;&#x73;&#105;<\/a>\u00a0oder Telefon +386 1 5610 900.<\/p>\n<\/div><\/section><\/div><div class=\"flex_column av_two_third  flex_column_div av-zero-column-padding   avia-builder-el-7  el_after_av_one_fourth  avia-builder-el-last  \" style='border-radius:0px; '><p><div   class=\"togglecontainer   toggle_close_all  avia-builder-el-8  el_before_av_hr  avia-builder-el-first \" >\n<section class=\"av_toggle_section\"  itemscope=\"itemscope\" itemtype=\"https:\/\/schema.org\/CreativeWork\"  >    <div role=\"tablist\" class=\"single_toggle\" data-tags=\"{Alle} \"  >        <p data-fake-id=\"#toggle-id-1\" class=\"toggler \"  itemprop=\"headline\"    role=\"tab\" tabindex=\"0\" aria-controls=\"toggle-id-1\">Rechtm\u00e4\u00dfigkeit der Verarbeitung personenbezogener Daten<span class=\"toggle_icon\" >        <span class=\"vert_icon\"><\/span><span class=\"hor_icon\"><\/span><\/span><\/p>        <div id=\"toggle-id-1\" class=\"toggle_wrap \"   >            <div class=\"toggle_content invers-color \"  itemprop=\"text\"   ><p>Die Kontrolle und Verarbeitung pers\u00f6nlicher Daten beruht nur auf freiwilliger Zustimmung des Besuchers unter <a href=\"http:\/\/www.lectus.eu\">www.lectus.eu<\/a>.<\/p>\n<p>Wenn der Benutzer virtuelles oder gedrucktes Marketingmaterial, einen Service oder ein anderes Produkt bestellt, legt Maremico seine Rechtsgrundlage f\u00fcr die Kontrolle und Verarbeitung pers\u00f6nlicher Daten bei der Vertragserf\u00fcllung fest. Das ist ohne pers\u00f6nliche Angaben nicht m\u00f6glich.<\/p>\n<p>Der Benutzer kann sich frei f\u00fcr andere Marketingzwecke entscheiden, wenn dies sein Wunsch ist.<\/p>\n            <\/div>        <\/div>    <\/div><\/section>\n<section class=\"av_toggle_section\"  itemscope=\"itemscope\" itemtype=\"https:\/\/schema.org\/CreativeWork\"  >    <div role=\"tablist\" class=\"single_toggle\" data-tags=\"{Alle} \"  >        <p data-fake-id=\"#toggle-id-2\" class=\"toggler \"  itemprop=\"headline\"    role=\"tab\" tabindex=\"0\" aria-controls=\"toggle-id-2\">Welche personenbezogenen Daten erfassen wir?<span class=\"toggle_icon\" >        <span class=\"vert_icon\"><\/span><span class=\"hor_icon\"><\/span><\/span><\/p>        <div id=\"toggle-id-2\" class=\"toggle_wrap \"   >            <div class=\"toggle_content invers-color \"  itemprop=\"text\"   ><p>Maremico sammelt bestimmte personenbezogene Daten des Benutzers:<\/p>\n<ul>\n<li>Email,<\/li>\n<li>Name und Nachname,<\/li>\n<li>Anschrift,<\/li>\n<li>Telefonnummer,<\/li>\n<li>Firmenname und Umsatzsteuer-Identifikationsnummer,<\/li>\n<li>Nutzer mit Zustimmung zur Verarbeitung personenbezogener Daten,<\/li>\n<li>Klicks und \u00d6ffnungsrate (E-Mail, Benachrichtigungen, Website),<\/li>\n<li>besuchte Seiten auf www.lectus.eu,<\/li>\n<li>fr\u00fchere Anfragen, Eink\u00e4ufe,<\/li>\n<li>IP Adresse.<\/li>\n<\/ul>\n            <\/div>        <\/div>    <\/div><\/section>\n<section class=\"av_toggle_section\"  itemscope=\"itemscope\" itemtype=\"https:\/\/schema.org\/CreativeWork\"  >    <div role=\"tablist\" class=\"single_toggle\" data-tags=\"{Alle} \"  >        <p data-fake-id=\"#toggle-id-3\" class=\"toggler \"  itemprop=\"headline\"    role=\"tab\" tabindex=\"0\" aria-controls=\"toggle-id-3\">Warum sammeln und verarbeiten wir Ihre pers\u00f6nlichen Daten?<span class=\"toggle_icon\" >        <span class=\"vert_icon\"><\/span><span class=\"hor_icon\"><\/span><\/span><\/p>        <div id=\"toggle-id-3\" class=\"toggle_wrap \"   >            <div class=\"toggle_content invers-color \"  itemprop=\"text\"   ><p>Maremico verpflichtet sich, nach dem Prinzip der Datenminimierung zu handeln, und sammelt und verarbeitet daher pers\u00f6nliche Informationen, die zur Vertragsabwicklung erforderlich sind. Die Ziele sind unterschiedlich, jedes wird neben dem Web-Formular klar und verst\u00e4ndlich angegeben. F\u00fcr das Direktmarketing haben Sie immer die Wahl, freiwillig ein- oder auszuschalten.<\/p>\n<p>Mit dem Absenden ihrer Informationen gestatten Sie Maremico d.o.o. um pers\u00f6nliche Daten zu verwenden f\u00fcr:<\/p>\n<ul>\n<li>Erf\u00fcllung eines Vertrages und Vorvertrags, den Sie bei uns eingehen,<\/li>\n<li>Versenden von E-Newslettern, Artikeln, n\u00fctzlichen Hinweisen, Benachrichtigungen \u00fcber Ereignisse, E-Mails mit Angeboten von Unternehmen (oder Partnern), neuen Produkten, Sonderangeboten,<\/li>\n<li>pers\u00f6nliche Anrufe,<\/li>\n<li>Senden von SMS und klassischer Post<\/li>\n<li>Anzeigen in Werbeplattformen (Google, Facebook) zu schalten,<\/li>\n<li>Statistische Analyse und Marktanalyse zur Messung der Website-Leistung (Anklicken, \u00d6ffnen von E-Mails),<\/li>\n<li>Direktmarketing,<\/li>\n<li>unsere legitimen Interessen,<\/li>\n<li>Einhaltung einer gesetzlichen Verpflichtung.<\/li>\n<li>Wir verwenden Ihre personenbezogenen Daten nur, wenn wir der Meinung sind, dass dies rechtm\u00e4\u00dfig ist.<\/li>\n<\/ul>\n            <\/div>        <\/div>    <\/div><\/section>\n<section class=\"av_toggle_section\"  itemscope=\"itemscope\" itemtype=\"https:\/\/schema.org\/CreativeWork\"  >    <div role=\"tablist\" class=\"single_toggle\" data-tags=\"{Alle} \"  >        <p data-fake-id=\"#toggle-id-4\" class=\"toggler \"  itemprop=\"headline\"    role=\"tab\" tabindex=\"0\" aria-controls=\"toggle-id-4\">Ihre Rechte<span class=\"toggle_icon\" >        <span class=\"vert_icon\"><\/span><span class=\"hor_icon\"><\/span><\/span><\/p>        <div id=\"toggle-id-4\" class=\"toggle_wrap \"   >            <div class=\"toggle_content invers-color \"  itemprop=\"text\"   ><p>Jeder Benutzer hat das Recht:<\/p>\n<ul>\n<li>den Datenschutzbeauftragten anzufragen, um zu best\u00e4tigen, ob sich seine pers\u00f6nlichen Daten im System befinden oder nicht,<\/li>\n<li>Zugang zu Ihren personenbezogenen Daten anzufragen (\u00bbAntrag auf Zugang zu betroffenen Personen\u00ab),<\/li>\n<li>Kopie der eigenen Daten anzufordern,<\/li>\n<li>die Berichtigung der pers\u00f6nlichen Daten zu verlangen, die wir \u00fcber Sie gespeichert haben,<\/li>\n<li>die L\u00f6schung Ihrer pers\u00f6nlichen Daten zu verlangen,<\/li>\n<li>der Verarbeitung Ihrer personenbezogenen Daten zu widersprechen, wenn wir uns auf ein berechtigtes Interesse verlassen, und es gibt etwas in Ihrer speziellen Situation, das Sie der Verarbeitung aus diesem Grund widersetzen m\u00f6chte, da Sie der Meinung sind, dass sich dies auf Ihre Grundrechte und Grundfreiheiten auswirkt.<\/li>\n<li>Informationen zu den Methoden der Benutzerdatenverarbeitung anzufordern,<\/li>\n<li>Einschr\u00e4nkung der Verarbeitung Ihrer pers\u00f6nlichen Daten,<\/li>\n<li>Datenportabilit\u00e4t<\/li>\n<\/ul>\n<p>Sie k\u00f6nnen die Einwilligung jederzeit widerrufen, wenn wir uns auf die Einwilligung zur Verarbeitung Ihrer personenbezogenen Daten verlassen. Das kann gemacht werden:<\/p>\n<ul>\n<li>Klicken Sie in den erhaltenen E-Mails auf die Schaltfl\u00e4che \u201eAbbestellen\u201c.<\/li>\n<li>Melden Sie sich ab, indem Sie uns kontaktieren: <a href=\"mailto:sales&#64;maremico.si\">&#x73;&#x61;&#108;es&#x40;&#x6d;&#97;re&#x6d;&#x69;&#99;o.&#x73;&#x69;<\/a>,<\/li>\n<li>oder kontaktieren Sie uns auf einem anderen verf\u00fcgbaren Kanal.<\/li>\n<\/ul>\n<p>Wir werden uns so schnell wie m\u00f6glich, sp\u00e4testens jedoch 30 Tage nach Erhalt, mit allen Anfragen befassen. Sie k\u00f6nnen keine Nutzungsbeschr\u00e4nkung oder L\u00f6schung pers\u00f6nlicher Daten verlangen, die wir zur Erf\u00fcllung gesetzlicher Anforderungen kontrollieren und verarbeiten.<\/p>\n<p>Sie haben das Recht, Streitigkeiten jederzeit bei der Beh\u00f6rde Ihres Landes zu melden. Wir w\u00fcrden uns jedoch \u00fcber die M\u00f6glichkeit freuen, Ihre Anliegen zu kl\u00e4ren, bevor Sie sich an sie wenden. Kontaktieren Sie uns daher zuerst.<\/p>\n            <\/div>        <\/div>    <\/div><\/section>\n<section class=\"av_toggle_section\"  itemscope=\"itemscope\" itemtype=\"https:\/\/schema.org\/CreativeWork\"  >    <div role=\"tablist\" class=\"single_toggle\" data-tags=\"{Alle} \"  >        <p data-fake-id=\"#toggle-id-5\" class=\"toggler \"  itemprop=\"headline\"    role=\"tab\" tabindex=\"0\" aria-controls=\"toggle-id-5\">Wie stellen wir den Schutz pers\u00f6nlicher Daten sicher?<span class=\"toggle_icon\" >        <span class=\"vert_icon\"><\/span><span class=\"hor_icon\"><\/span><\/span><\/p>        <div id=\"toggle-id-5\" class=\"toggle_wrap \"   >            <div class=\"toggle_content invers-color \"  itemprop=\"text\"   ><p>Alle personenbezogenen Daten werden gem\u00e4\u00df dem Gesetz zum Schutz personenbezogener Daten und anderen g\u00fcltigen Gesetzen einschlie\u00dflich der internen Dateien des Unternehmens gesch\u00fctzt. Daher werden die erhobenen Daten niemals aus anderen Gr\u00fcnden an Dritte verkauft, gehandelt, verliehen oder weitergegeben.<\/p>\n<p>Wir k\u00f6nnen Ihre personenbezogenen Daten den Strafverfolgungsbeh\u00f6rden zur Verf\u00fcgung stellen, wenn wir oder sie einen Verdacht auf betr\u00fcgerische oder kriminelle Aktivit\u00e4ten haben.<\/p>\n            <\/div>        <\/div>    <\/div><\/section>\n<section class=\"av_toggle_section\"  itemscope=\"itemscope\" itemtype=\"https:\/\/schema.org\/CreativeWork\"  >    <div role=\"tablist\" class=\"single_toggle\" data-tags=\"{Alle} \"  >        <p data-fake-id=\"#toggle-id-6\" class=\"toggler \"  itemprop=\"headline\"    role=\"tab\" tabindex=\"0\" aria-controls=\"toggle-id-6\">Wie lange speichern wir Ihre pers\u00f6nlichen Daten?<span class=\"toggle_icon\" >        <span class=\"vert_icon\"><\/span><span class=\"hor_icon\"><\/span><\/span><\/p>        <div id=\"toggle-id-6\" class=\"toggle_wrap \"   >            <div class=\"toggle_content invers-color \"  itemprop=\"text\"   ><p>Wir m\u00f6chten, dass Ihre Informationen nicht in einer Form aufbewahrt werden, in der Sie l\u00e4nger identifiziert werden k\u00f6nnen, als dies zum Erreichen der zul\u00e4ssigen Zwecke zumutbar ist. Bitte beachten Sie, dass wir zur Erf\u00fcllung unserer Verpflichtungen pers\u00f6nliche Daten ben\u00f6tigen, um unserer Verantwortung nachzukommen.<\/p>\n<p>Gesetzlich m\u00fcssen wir bestimmte grundlegende Informationen \u00fcber unsere Kunden und ihre Transaktionen f\u00fcr bestimmte Zeitr\u00e4ume bei uns aufbewahren. Wenn Sie Ihre Einwilligung widerrufen oder wenn wir als Sammler den Zweck der Erhebung und Verarbeitung \u00e4ndern, werden Ihre pers\u00f6nlichen Daten gel\u00f6scht oder anonymisiert.<\/p>\n            <\/div>        <\/div>    <\/div><\/section>\n<section class=\"av_toggle_section\"  itemscope=\"itemscope\" itemtype=\"https:\/\/schema.org\/CreativeWork\"  >    <div role=\"tablist\" class=\"single_toggle\" data-tags=\"{Alle} \"  >        <p data-fake-id=\"#toggle-id-7\" class=\"toggler \"  itemprop=\"headline\"    role=\"tab\" tabindex=\"0\" aria-controls=\"toggle-id-7\">Vertragliche Verarbeiter<span class=\"toggle_icon\" >        <span class=\"vert_icon\"><\/span><span class=\"hor_icon\"><\/span><\/span><\/p>        <div id=\"toggle-id-7\" class=\"toggle_wrap \"   >            <div class=\"toggle_content invers-color \"  itemprop=\"text\"   ><p>Wir arbeiten mit Drittanbietern zusammen, denen wir nur die pers\u00f6nlichen Daten offenlegen, die zur Erbringung der Dienstleistung erforderlich sind. Unser Ziel ist es, sicherzustellen, dass wir einen Vertrag haben, der verlangt, dass Ihre Daten sicher aufbewahrt werden und nicht f\u00fcr eigene Zwecke verwendet werden.<\/p>\n<p>Wenn Sie eine vollst\u00e4ndige Liste der relevanten Dienstanbieter w\u00fcnschen, die wir verwenden, kontaktieren Sie uns bitte unter <a href=\"&#x6d;&#x61;&#x69;&#108;to:&#x73;&#x61;&#x6c;&#101;s&#64;m&#x61;&#x72;&#x65;&#109;ico&#x2e;&#x73;&#x69;\">&#x73;&#97;l&#x65;&#x73;&#64;m&#x61;&#x72;em&#x69;&#99;o&#x2e;&#x73;&#105;<\/a>. Wir k\u00f6nnen Ihre pers\u00f6nlichen Daten an digitale Marketingplattformen wie Google AdWords und Facebook weiterleiten und deren Cookies f\u00fcr das Remarketing verwenden. Dies kann das Senden von Informationen an Vertragspartner wie Google au\u00dferhalb der EU beinhalten. Wir werden Ma\u00dfnahmen ergreifen, um sicherzustellen, dass f\u00fcr diese Daten ein angemessener Schutz gem\u00e4\u00df den Datenschutzgesetzen bereitgestellt wird.<\/p>\n            <\/div>        <\/div>    <\/div><\/section>\n<section class=\"av_toggle_section\"  itemscope=\"itemscope\" itemtype=\"https:\/\/schema.org\/CreativeWork\"  >    <div role=\"tablist\" class=\"single_toggle\" data-tags=\"{Alle} \"  >        <p data-fake-id=\"#toggle-id-8\" class=\"toggler \"  itemprop=\"headline\"    role=\"tab\" tabindex=\"0\" aria-controls=\"toggle-id-8\">Berichterstattung \u00fcber Sicherheitsverletzungen<span class=\"toggle_icon\" >        <span class=\"vert_icon\"><\/span><span class=\"hor_icon\"><\/span><\/span><\/p>        <div id=\"toggle-id-8\" class=\"toggle_wrap \"   >            <div class=\"toggle_content invers-color \"  itemprop=\"text\"   ><p>Wir aktualisieren unsere Richtlinien st\u00e4ndig, um einen mutma\u00dflichen Versto\u00df gegen personenbezogene Daten zu verhindern, und informieren Sie und die zust\u00e4ndigen Aufsichtsbeh\u00f6rden \u00fcber einen Versto\u00df, wenn wir gesetzlich dazu verpflichtet sind. Die Beh\u00f6rden werden so bald wie m\u00f6glich benachrichtigt, jedoch nicht sp\u00e4ter als 72 Stunden nach einer festgestellten Sicherheitsverletzung.<\/p>\n            <\/div>        <\/div>    <\/div><\/section>\n<section class=\"av_toggle_section\"  itemscope=\"itemscope\" itemtype=\"https:\/\/schema.org\/CreativeWork\"  >    <div role=\"tablist\" class=\"single_toggle\" data-tags=\"{Alle} \"  >        <p data-fake-id=\"#toggle-id-9\" class=\"toggler \"  itemprop=\"headline\"    role=\"tab\" tabindex=\"0\" aria-controls=\"toggle-id-9\">Cookies<span class=\"toggle_icon\" >        <span class=\"vert_icon\"><\/span><span class=\"hor_icon\"><\/span><\/span><\/p>        <div id=\"toggle-id-9\" class=\"toggle_wrap \"   >            <div class=\"toggle_content invers-color \"  itemprop=\"text\"   ><p>Als Benutzer unserer Website <a href=\"http:\/\/www.lectus.eu\">www.lectus.eu<\/a> stimmen Sie unseren Gesch\u00e4ftsbedingungen zu, die Sie einhalten m\u00fcssen. Wir gebrauchen:<\/p>\n<ul>\n<li>Google Analytics-Cookies zur Analyse des Website-Verkehrs,<\/li>\n<li>Facebook-Cookies f\u00fcr Remarketing und Werbung,<\/li>\n<li>Google-Cookies f\u00fcr Remarketing und Werbung.<\/li>\n<\/ul>\n<p>Wie wir Cookies verwenden und verwalten, lesen Sie in den <a href=\"http:\/\/www.lectus.eu\/de\/geschaeftsbedingungen\">Gesch\u00e4ftsbedingungen<\/a>, Abschnitt <em>Cookies<\/em>.<\/p>\n            <\/div>        <\/div>    <\/div><\/section>\n<\/div><br \/>\n<div  style='height:20px' class='hr hr-invisible   avia-builder-el-9  el_after_av_toggle_container  el_before_av_textblock '><span class='hr-inner ' ><span class='hr-inner-style'><\/span><\/span><\/div><br \/>\n<section class=\"av_textblock_section \"  itemscope=\"itemscope\" itemtype=\"https:\/\/schema.org\/CreativeWork\" ><div class='avia_textblock  '   itemprop=\"text\" ><p>Eltern und Betreuern wird empfohlen, ihre Kinder \u00fcber die sichere und verantwortungsvolle Nutzung des Internet zu unterrichten, was auch die Offenlegung ihrer pers\u00f6nlichen Daten beinhaltet. Minderj\u00e4hrige Personen sollten ihre pers\u00f6nlichen Daten nicht auf der Website www.lectus.eu eingeben.<\/p>\n<p>Wir haften nicht f\u00fcr die Richtigkeit der vom Benutzer eingegebenen Daten.<\/p>\n<\/div><\/section><\/p><\/div>\n","protected":false},"excerpt":{"rendered":"","protected":false},"author":5,"featured_media":0,"parent":0,"menu_order":0,"comment_status":"closed","ping_status":"closed","template":"","meta":[],"acf":[],"_links":{"self":[{"href":"https:\/\/www.lectus.eu\/de\/wp-json\/wp\/v2\/pages\/5236"}],"collection":[{"href":"https:\/\/www.lectus.eu\/de\/wp-json\/wp\/v2\/pages"}],"about":[{"href":"https:\/\/www.lectus.eu\/de\/wp-json\/wp\/v2\/types\/page"}],"author":[{"embeddable":true,"href":"https:\/\/www.lectus.eu\/de\/wp-json\/wp\/v2\/users\/5"}],"replies":[{"embeddable":true,"href":"https:\/\/www.lectus.eu\/de\/wp-json\/wp\/v2\/comments?post=5236"}],"version-history":[{"count":3,"href":"https:\/\/www.lectus.eu\/de\/wp-json\/wp\/v2\/pages\/5236\/revisions"}],"predecessor-version":[{"id":5384,"href":"https:\/\/www.lectus.eu\/de\/wp-json\/wp\/v2\/pages\/5236\/revisions\/5384"}],"wp:attachment":[{"href":"https:\/\/www.lectus.eu\/de\/wp-json\/wp\/v2\/media?parent=5236"}],"curies":[{"name":"wp","href":"https:\/\/api.w.org\/{rel}","templated":true}]}}